{"id":11,"date":"2021-12-14T15:37:01","date_gmt":"2021-12-14T15:37:01","guid":{"rendered":"https:\/\/impreza30.us-themes.com\/?page_id=11"},"modified":"2024-08-29T17:22:19","modified_gmt":"2024-08-29T17:22:19","slug":"impreza-church","status":"publish","type":"page","link":"https:\/\/stne.com.br\/posmissao\/","title":{"rendered":"P\u00f3s-Gradua\u00e7\u00e3o em Missiologia &#8211; Semin\u00e1rio Teol\u00f3gico do Nordeste"},"content":{"rendered":"<section class=\"l-section wpb_row height_custom full_height valign_center color_primary with_img\" id=\"inicio\"><div class=\"l-section-img\" style=\"background-image: url(https:\/\/stne.com.br\/posmissao\/wp-content\/uploads\/2024\/02\/bgmisisologia.jpg);\" data-img-width=\"1920\" data-img-height=\"1254\"><\/div><div class=\"l-section-overlay\" style=\"background:rgba(0,65,92,0.75)\"><\/div><div class=\"l-section-h i-cf\"><div class=\"g-cols vc_row via_grid cols_1 laptops-cols_inherit tablets-cols_inherit mobiles-cols_1 valign_bottom type_default\"><div class=\"wpb_column vc_column_container\"><div class=\"vc_column-inner\"><div class=\"wpb_text_column\"><div class=\"wpb_wrapper\"><h1 style=\"text-align: center;\"><span style=\"color: #ffffff;\">P\u00d3S-GRADUA\u00c7\u00c3O<\/span><br \/>\n<span style=\"color: #ffffff;\">MISSIOLOGIA<\/span><\/h1>\n<\/div><\/div><\/div><\/div><\/div><\/div><\/section><section class=\"l-section wpb_row height_auto\"><div class=\"l-section-h i-cf\"><div class=\"g-cols vc_row via_grid cols_1 laptops-cols_inherit tablets-cols_inherit mobiles-cols_1 valign_top type_default\"><div class=\"wpb_column vc_column_container us_custom_0881781d has_text_color has_bg_color\"><div class=\"vc_column-inner\"><div class=\"w-iconbox us_custom_c2f20314 iconpos_top style_circle color_custom align_center no_title no_text\"><div class=\"w-iconbox-icon\" style=\"font-size:2rem;background:#ffffff;color:#01374f;\"><i class=\"fas fa-church\"><\/i><\/div><div class=\"w-iconbox-meta\"><\/div><\/div><div class=\"wpb_text_column us_custom_2acb69ba\"><div class=\"wpb_wrapper\"><p>\u201cIde por todo o mundo e pregai o evangelho a toda criatura.\u201d Marcos 16:15<\/p>\n<\/div><\/div><\/div><\/div><\/div><\/div><\/section><section class=\"l-section wpb_row height_small\"><div class=\"l-section-overlay\" style=\"background:#ffffff\"><\/div><div class=\"l-section-h i-cf\"><div class=\"g-cols vc_row via_grid cols_1 laptops-cols_inherit tablets-cols_inherit mobiles-cols_1 valign_top type_default\"><div class=\"wpb_column vc_column_container\"><div class=\"vc_column-inner\"><div class=\"wpb_text_column\"><div class=\"wpb_wrapper\"><p style=\"text-align: center;\">A P\u00f3s-gradua\u00e7\u00e3o em Missiologia se trata de curso livre, sem o reconhecimento do MEC, n\u00e3o podendo ser aproveitado para fins de gradua\u00e7\u00e3o em institui\u00e7\u00f5es reconhecidas pelo MEC.<\/p>\n<\/div><\/div><\/div><\/div><\/div><\/div><\/section><section class=\"l-section wpb_row height_small\"><div class=\"l-section-h i-cf\"><div class=\"g-cols vc_row via_grid cols_1 laptops-cols_inherit tablets-cols_inherit mobiles-cols_1 valign_top type_default\"><div class=\"wpb_column vc_column_container\"><div class=\"vc_column-inner\"><div class=\"w-separator size_medium\"><\/div><\/div><\/div><\/div><\/div><\/section><section class=\"l-section wpb_row us_custom_eb6b563a height_auto\" id=\"curso\"><div class=\"l-section-h i-cf\"><div class=\"g-cols vc_row via_grid cols_2 laptops-cols_inherit tablets-cols_1 mobiles-cols_1 valign_middle type_default\" style=\"grid-gap:0rem;\"><div class=\"wpb_column vc_column_container us_custom_6c21c073 us_animate_this stretched\"><div class=\"vc_column-inner\"><div class=\"w-image us_custom_b1d3ef38 align_none\"><div class=\"w-image-h\"><img loading=\"lazy\" decoding=\"async\" width=\"1167\" height=\"1000\" src=\"https:\/\/stne.com.br\/posmissao\/wp-content\/uploads\/2022\/02\/posmissiologia.png\" class=\"attachment-full size-full\" alt=\"\" srcset=\"https:\/\/stne.com.br\/posmissao\/wp-content\/uploads\/2022\/02\/posmissiologia.png 1167w, https:\/\/stne.com.br\/posmissao\/wp-content\/uploads\/2022\/02\/posmissiologia-300x257.png 300w, https:\/\/stne.com.br\/posmissao\/wp-content\/uploads\/2022\/02\/posmissiologia-1024x877.png 1024w\" sizes=\"auto, (max-width: 1167px) 100vw, 1167px\" \/><\/div><\/div><\/div><\/div><div class=\"wpb_column vc_column_container us_custom_66935fbd us_animate_this\" id=\"curso\"><div class=\"vc_column-inner\"><h1 class=\"w-text us_custom_10f81b43 has_text_color\"><span class=\"w-text-h\"><span class=\"w-text-value\">Por que fazer a P\u00f3s?<\/span><\/span><\/h1><div class=\"wpb_text_column us_custom_c3145f75\"><div class=\"wpb_wrapper\"><p>Esse curso visa <strong>estimular a todos que desenvolvam suas tarefas vocacionais<\/strong>, sempre buscando excel\u00eancia no <strong>servi\u00e7o prestado a Deus e ao pr\u00f3ximo<\/strong>, tudo segundo os padr\u00f5es espirituais, morais e \u00e9ticos do Reino de Deus.<\/p>\n<\/div><\/div><div class=\"w-separator size_custom\" style=\"height:40px\"><\/div><\/div><\/div><\/div><\/div><\/section><section class=\"l-section wpb_row us_custom_eb6b563a height_auto\"><div class=\"l-section-h i-cf\"><div class=\"g-cols vc_row via_grid cols_2 laptops-cols_inherit tablets-cols_1 mobiles-cols_1 valign_middle type_default\" style=\"grid-gap:0rem;\"><div class=\"wpb_column vc_column_container us_custom_6c21c073 us_animate_this stretched\"><div class=\"vc_column-inner\"><div class=\"w-image us_custom_b1d3ef38 align_none\"><div class=\"w-image-h\"><img loading=\"lazy\" decoding=\"async\" width=\"1167\" height=\"1000\" src=\"https:\/\/stne.com.br\/posmissao\/wp-content\/uploads\/2022\/02\/fazer.jpg\" class=\"attachment-full size-full\" alt=\"\" srcset=\"https:\/\/stne.com.br\/posmissao\/wp-content\/uploads\/2022\/02\/fazer.jpg 1167w, https:\/\/stne.com.br\/posmissao\/wp-content\/uploads\/2022\/02\/fazer-300x257.jpg 300w, https:\/\/stne.com.br\/posmissao\/wp-content\/uploads\/2022\/02\/fazer-1024x877.jpg 1024w\" sizes=\"auto, (max-width: 1167px) 100vw, 1167px\" \/><\/div><\/div><\/div><\/div><div class=\"wpb_column vc_column_container us_custom_66935fbd us_animate_this\"><div class=\"vc_column-inner\"><h1 class=\"w-text us_custom_10f81b43 has_text_color\"><span class=\"w-text-h\"><span class=\"w-text-value\">Quem pode fazer?<\/span><\/span><\/h1><div class=\"wpb_text_column us_custom_c3145f75\"><div class=\"wpb_wrapper\"><p>Membro de qualquer igreja, presbit\u00e9rio, s\u00ednodo, ou ainda institui\u00e7\u00e3o de igrejas, que estejam em plena comunh\u00e3o com a mesma, apresentando para isso carta de comprova\u00e7\u00e3o da atual condi\u00e7\u00e3o expedida pelo conc\u00edlio a que se encontra diretamente vinculado. Deve ainda ser portador de diploma de curso superior devidamente comprovado, apresentado ambos os documentos no ato da inscri\u00e7\u00e3o.<\/p>\n<p><strong>IMPORTANTE:<\/strong><br \/>\n<em>Se voc\u00ea n\u00e3o possui uma forma\u00e7\u00e3o superior, mas deseja tamb\u00e9m realizar esse curso, h\u00e1 a possibilidade de ao concluir todos os m\u00f3dulos receber uma certifica\u00e7\u00e3o de Estudos em Missiologia.<\/em><br \/>\n<em>Tamb\u00e9m h\u00e1 a op\u00e7\u00e3o de cursar os m\u00f3dulos individualmente e receber a certifica\u00e7\u00e3o\u00a0respectiva.<\/em><\/p>\n<\/div><\/div><div class=\"w-separator size_custom\" style=\"height:40px\"><\/div><\/div><\/div><\/div><\/div><\/section><section class=\"l-section wpb_row height_auto color_primary\" id=\"informacoes\"><div class=\"l-section-overlay\" style=\"background:#01434f\"><\/div><div class=\"l-section-h i-cf\"><div class=\"g-cols vc_row via_grid cols_1 laptops-cols_inherit tablets-cols_inherit mobiles-cols_1 valign_top type_default\"><div class=\"wpb_column vc_column_container\"><div class=\"vc_column-inner\"><div class=\"w-separator size_small\"><\/div><div class=\"g-cols wpb_row via_grid cols_4 laptops-cols_inherit tablets-cols_inherit mobiles-cols_1 valign_top type_default\"><div class=\"wpb_column vc_column_container\"><div class=\"vc_column-inner\"><div class=\"aio-icon-component    style_1\"><div id=\"Info-box-wrap-9682\" class=\"aio-icon-box top-icon\" style=\"\"  ><div class=\"aio-icon-top\"><div class=\"ult-just-icon-wrapper  \"><div class=\"align-icon\" style=\"text-align:center;\">\n<div class=\"aio-icon circle \"  style=\"color:#01374f;background:#ffffff;font-size:30px;display:inline-block;\">\n\t<i class=\"Defaults-clock-o\"><\/i>\n<\/div><\/div><\/div><\/div><div class=\"aio-icon-header\" ><h4 class=\"aio-icon-title ult-responsive\"  data-ultimate-target='#Info-box-wrap-9682 .aio-icon-title'  data-responsive-json-new='{\"font-size\":\"\",\"line-height\":\"\"}'  style=\"\">Dura\u00e7\u00e3o<\/h4><\/div> <!-- header --><div class=\"aio-icon-description ult-responsive\"  data-ultimate-target='#Info-box-wrap-9682 .aio-icon-description'  data-responsive-json-new='{\"font-size\":\"\",\"line-height\":\"\"}'  style=\"\">\n<p style=\"text-align: center;\">11 M\u00f3dulos<\/p>\n<\/div> <!-- description --><\/div> <!-- aio-icon-box --><\/div> <!-- aio-icon-component --><\/div><\/div><div class=\"wpb_column vc_column_container\"><div class=\"vc_column-inner\"><div class=\"aio-icon-component    style_1\"><div id=\"Info-box-wrap-4868\" class=\"aio-icon-box top-icon\" style=\"\"  ><div class=\"aio-icon-top\"><div class=\"ult-just-icon-wrapper  \"><div class=\"align-icon\" style=\"text-align:center;\">\n<div class=\"aio-icon circle \"  style=\"color:#01374f;background:#ffffff;font-size:30px;display:inline-block;\">\n\t<i class=\"Defaults-dollar usd\"><\/i>\n<\/div><\/div><\/div><\/div><div class=\"aio-icon-header\" ><h4 class=\"aio-icon-title ult-responsive\"  data-ultimate-target='#Info-box-wrap-4868 .aio-icon-title'  data-responsive-json-new='{\"font-size\":\"\",\"line-height\":\"\"}'  style=\"\">Investimento<\/h4><\/div> <!-- header --><div class=\"aio-icon-description ult-responsive\"  data-ultimate-target='#Info-box-wrap-4868 .aio-icon-description'  data-responsive-json-new='{\"font-size\":\"\",\"line-height\":\"\"}'  style=\"\">\n<p style=\"text-align: center;\"><strong>Matr\u00edcula:<\/strong> R$200,00 (Taxa \u00fanica para todo o curso)<br \/>\n<strong>M\u00f3dulo:<\/strong> R$300,00 (Valor por m\u00f3dulo cursado)<\/p>\n<\/div> <!-- description --><\/div> <!-- aio-icon-box --><\/div> <!-- aio-icon-component --><\/div><\/div><div class=\"wpb_column vc_column_container\"><div class=\"vc_column-inner\"><div class=\"aio-icon-component    style_1\"><div id=\"Info-box-wrap-6691\" class=\"aio-icon-box top-icon\" style=\"\"  ><div class=\"aio-icon-top\"><div class=\"ult-just-icon-wrapper  \"><div class=\"align-icon\" style=\"text-align:center;\">\n<div class=\"aio-icon circle \"  style=\"color:#01374f;background:#ffffff;font-size:30px;display:inline-block;\">\n\t<i class=\"Defaults-wifi\"><\/i>\n<\/div><\/div><\/div><\/div><div class=\"aio-icon-header\" ><h4 class=\"aio-icon-title ult-responsive\"  data-ultimate-target='#Info-box-wrap-6691 .aio-icon-title'  data-responsive-json-new='{\"font-size\":\"\",\"line-height\":\"\"}'  style=\"\">Modalidade<\/h4><\/div> <!-- header --><div class=\"aio-icon-description ult-responsive\"  data-ultimate-target='#Info-box-wrap-6691 .aio-icon-description'  data-responsive-json-new='{\"font-size\":\"\",\"line-height\":\"\"}'  style=\"\">\n<p style=\"text-align: center;\">EAD<\/p>\n<\/div> <!-- description --><\/div> <!-- aio-icon-box --><\/div> <!-- aio-icon-component --><\/div><\/div><div class=\"wpb_column vc_column_container\"><div class=\"vc_column-inner\"><div class=\"aio-icon-component    style_1\"><div id=\"Info-box-wrap-6386\" class=\"aio-icon-box top-icon\" style=\"\"  ><div class=\"aio-icon-top\"><div class=\"ult-just-icon-wrapper  \"><div class=\"align-icon\" style=\"text-align:center;\">\n<div class=\"aio-icon circle \"  style=\"color:#01374f;background:#ffffff;font-size:30px;display:inline-block;\">\n\t<i class=\"Defaults-user\"><\/i>\n<\/div><\/div><\/div><\/div><div class=\"aio-icon-header\" ><h4 class=\"aio-icon-title ult-responsive\"  data-ultimate-target='#Info-box-wrap-6386 .aio-icon-title'  data-responsive-json-new='{\"font-size\":\"\",\"line-height\":\"\"}'  style=\"\">Vagas<\/h4><\/div> <!-- header --><div class=\"aio-icon-description ult-responsive\"  data-ultimate-target='#Info-box-wrap-6386 .aio-icon-description'  data-responsive-json-new='{\"font-size\":\"\",\"line-height\":\"\"}'  style=\"\">\n<p style=\"text-align: center;\">30 Vagas<\/p>\n<\/div> <!-- description --><\/div> <!-- aio-icon-box --><\/div> <!-- aio-icon-component --><\/div><\/div><\/div><\/div><\/div><\/div><\/div><\/section><section class=\"l-section wpb_row height_auto\" id=\"disciplinas\"><div class=\"l-section-h i-cf\"><div class=\"g-cols vc_row via_grid cols_1 laptops-cols_inherit tablets-cols_inherit mobiles-cols_1 valign_top type_default\"><div class=\"wpb_column vc_column_container\"><div class=\"vc_column-inner\"><div class=\"g-cols wpb_row via_grid cols_1 laptops-cols_inherit tablets-cols_inherit mobiles-cols_1 valign_top type_default\"><div class=\"wpb_column vc_column_container\"><div class=\"vc_column-inner\"><div class=\"w-separator size_huge\"><\/div><h1 class=\"w-text us_custom_10f81b43 has_text_color\" id=\"disciplinas\"><span class=\"w-text-h\"><span class=\"w-text-value\">Disciplinas<\/span><\/span><\/h1><\/div><\/div><\/div><div class=\"w-separator size_medium\"><\/div><div class=\"w-tabs style_default switch_click accordion has_scrolling\" style=\"--sections-title-size:inherit\"><div class=\"w-tabs-sections titles-align_none icon_chevron cpos_right\"><div class=\"w-tabs-section\" id=\"q377\"><button aria-controls=\"content-q377\" class=\"w-tabs-section-header\"><div class=\"w-tabs-section-title\">M\u00f3dulo 01: Hist\u00f3ria das Miss\u00f5es \u2013 HM (30 h)<\/div><div class=\"w-tabs-section-control\"><\/div><\/button><div  class=\"w-tabs-section-content\" id=\"content-q377\" aria-expanded=\"false\"><div class=\"w-tabs-section-content-h i-cf\"><div class=\"wpb_text_column\"><div class=\"wpb_wrapper\"><p>Apresenta\u00e7\u00e3o e avalia\u00e7\u00e3o da Hist\u00f3ria das Miss\u00f5es numa perspectiva b\u00edblico-reformada.<\/p>\n<p><strong>Rev. Maely Vilela<br \/>\n<\/strong><\/p>\n<\/div><\/div><\/div><\/div><\/div><div class=\"w-tabs-section\" id=\"g66f\"><button aria-controls=\"content-g66f\" class=\"w-tabs-section-header\"><div class=\"w-tabs-section-title\">M\u00f3dulo 02: Miss\u00f5es e Eclesiologia MEC (30 h)<\/div><div class=\"w-tabs-section-control\"><\/div><\/button><div  class=\"w-tabs-section-content\" id=\"content-g66f\" aria-expanded=\"false\"><div class=\"w-tabs-section-content-h i-cf\"><div class=\"wpb_text_column\"><div class=\"wpb_wrapper\"><p>Estudo da Eclesiologia Reformada visando a planta\u00e7\u00e3o de novas igrejas no campo mission\u00e1rio.<\/p>\n<p><strong>Rev. Renato Sousa<\/strong><\/p>\n<\/div><\/div><\/div><\/div><\/div><div class=\"w-tabs-section\" id=\"b9a0\"><button aria-controls=\"content-b9a0\" class=\"w-tabs-section-header\"><div class=\"w-tabs-section-title\">M\u00f3dulo 03: Fundamentos B\u00edblico-Teol\u00f3gico da Miss\u00e3o FBTM (30 h)<\/div><div class=\"w-tabs-section-control\"><\/div><\/button><div  class=\"w-tabs-section-content\" id=\"content-b9a0\" aria-expanded=\"false\"><div class=\"w-tabs-section-content-h i-cf\"><div class=\"wpb_text_column\"><div class=\"wpb_wrapper\"><p>Apresenta\u00e7\u00e3o e an\u00e1lise dos fundamentos b\u00edblico-teol\u00f3gicos da miss\u00e3o numa perspectiva b\u00edblico- reformada.<\/p>\n<p><strong>Rev. S\u00e9rgio Lima<\/strong><\/p>\n<\/div><\/div><\/div><\/div><\/div><div class=\"w-tabs-section\" id=\"uca9\"><button aria-controls=\"content-uca9\" class=\"w-tabs-section-header\"><div class=\"w-tabs-section-title\">M\u00f3dulo 04: Teologia B\u00edblica de Miss\u00f5es TBM (30 h)<\/div><div class=\"w-tabs-section-control\"><\/div><\/button><div  class=\"w-tabs-section-content\" id=\"content-uca9\" aria-expanded=\"false\"><div class=\"w-tabs-section-content-h i-cf\"><div class=\"wpb_text_column\"><div class=\"wpb_wrapper\"><p>Apresenta\u00e7\u00e3o dos conceitos da Teologia B\u00edblica do AT e NT, segundo a perspectiva b\u00edblico-reformada, para a compreens\u00e3o e a realiza\u00e7\u00e3o da tarefa mission\u00e1ria.<\/p>\n<p><strong>Rev. Rob\u00e9rio Bas\u00edlio<\/strong><\/p>\n<\/div><\/div><\/div><\/div><\/div><div class=\"w-tabs-section\" id=\"rf7d\"><button aria-controls=\"content-rf7d\" class=\"w-tabs-section-header\"><div class=\"w-tabs-section-title\">M\u00f3dulo 05: Vida e Espiritualidade do Mission\u00e1rio VEM (30 h)<\/div><div class=\"w-tabs-section-control\"><\/div><\/button><div  class=\"w-tabs-section-content\" id=\"content-rf7d\" aria-expanded=\"false\"><div class=\"w-tabs-section-content-h i-cf\"><div class=\"wpb_text_column\"><div class=\"wpb_wrapper\"><p>Estudo da espiritualidade numa perspectiva reformada aplicada \u00e0 vida e minist\u00e9rio do mission\u00e1rio.<\/p>\n<p><strong>Rev. Jos\u00e9 Alex<\/strong><\/p>\n<\/div><\/div><\/div><\/div><\/div><div class=\"w-tabs-section\" id=\"z25c\"><button aria-controls=\"content-z25c\" class=\"w-tabs-section-header\"><div class=\"w-tabs-section-title\">M\u00f3dulo 06: Planta\u00e7\u00e3o de Igrejas PI (30 h)<\/div><div class=\"w-tabs-section-control\"><\/div><\/button><div  class=\"w-tabs-section-content\" id=\"content-z25c\" aria-expanded=\"false\"><div class=\"w-tabs-section-content-h i-cf\"><div class=\"wpb_text_column\"><div class=\"wpb_wrapper\"><p>Apresenta\u00e7\u00e3o dos princ\u00edpios b\u00edblico-reformados para planta\u00e7\u00e3o de Igrejas.<\/p>\n<p><strong>Prof: A definir<\/strong><\/p>\n<\/div><\/div><\/div><\/div><\/div><div class=\"w-tabs-section\" id=\"o5bd\"><button aria-controls=\"content-o5bd\" class=\"w-tabs-section-header\"><div class=\"w-tabs-section-title\">M\u00f3dulo 07: Antropologia Mission\u00e1ria AM (30h)<\/div><div class=\"w-tabs-section-control\"><\/div><\/button><div  class=\"w-tabs-section-content\" id=\"content-o5bd\" aria-expanded=\"false\"><div class=\"w-tabs-section-content-h i-cf\"><div class=\"wpb_text_column\"><div class=\"wpb_wrapper\"><p>Apresentar a Antropologia Mission\u00e1ria numa perspectiva b\u00edblico-reformada com \u00eanfase na atividade mission\u00e1ria.<\/p>\n<p><strong>Rev. Norval Silva<\/strong><\/p>\n<\/div><\/div><\/div><\/div><\/div><div class=\"w-tabs-section\" id=\"o940\"><button aria-controls=\"content-o940\" class=\"w-tabs-section-header\"><div class=\"w-tabs-section-title\">M\u00f3dulo 08: Miss\u00f5es Transculturais MT (30h)<\/div><div class=\"w-tabs-section-control\"><\/div><\/button><div  class=\"w-tabs-section-content\" id=\"content-o940\" aria-expanded=\"false\"><div class=\"w-tabs-section-content-h i-cf\"><div class=\"wpb_text_column\"><div class=\"wpb_wrapper\"><p>Apresentar a perspectiva b\u00edblico-reformada da Transculturalidade da Miss\u00e3o visando o levantamento de dados, avali\u00e7\u00e3o e tomada de decis\u00f5es num contexto mission\u00e1rio.<\/p>\n<p><strong>Rev. Rog\u00e9rio Cunha<\/strong><br \/>\n<strong>Rev. Ronaldo Lid\u00f3rio<\/strong><\/p>\n<\/div><\/div><\/div><\/div><\/div><div class=\"w-tabs-section\" id=\"cca0\"><button aria-controls=\"content-cca0\" class=\"w-tabs-section-header\"><div class=\"w-tabs-section-title\">M\u00f3dulo 09: Miss\u00f5es e Apolog\u00e9tica MAP (30 h)<\/div><div class=\"w-tabs-section-control\"><\/div><\/button><div  class=\"w-tabs-section-content\" id=\"content-cca0\" aria-expanded=\"false\"><div class=\"w-tabs-section-content-h i-cf\"><div class=\"wpb_text_column\"><div class=\"wpb_wrapper\"><p>An\u00e1lise dos fundamentos, m\u00e9todo e benef\u00edcios da apolog\u00e9tica, com \u00eanfase na tradi\u00e7\u00e3o reformada, para a tarefa mission\u00e1ria.<\/p>\n<p><strong>Rev. Marcelo Carvalho<\/strong><\/p>\n<\/div><\/div><\/div><\/div><\/div><div class=\"w-tabs-section\" id=\"cfb8\"><button aria-controls=\"content-cfb8\" class=\"w-tabs-section-header\"><div class=\"w-tabs-section-title\">M\u00f3dulo 10: Metodologia da Pesquisa Cient\u00edfica MPC (30 h)<\/div><div class=\"w-tabs-section-control\"><\/div><\/button><div  class=\"w-tabs-section-content\" id=\"content-cfb8\" aria-expanded=\"false\"><div class=\"w-tabs-section-content-h i-cf\"><div class=\"wpb_text_column\"><div class=\"wpb_wrapper\"><p>Apresenta\u00e7\u00e3o dos m\u00e9todos de pesquisa e normas para pesquisa e produ\u00e7\u00e3o liter\u00e1ria no campo teol\u00f3gico.<\/p>\n<p><strong>Rev. Alexandre Lessa<\/strong><\/p>\n<\/div><\/div><\/div><\/div><\/div><div class=\"w-tabs-section\" id=\"k2a9\"><button aria-controls=\"content-k2a9\" class=\"w-tabs-section-header\"><div class=\"w-tabs-section-title\">Trabalho de Conclus\u00e3o de Curso TCC (90 h)<\/div><div class=\"w-tabs-section-control\"><\/div><\/button><div  class=\"w-tabs-section-content\" id=\"content-k2a9\" aria-expanded=\"false\"><div class=\"w-tabs-section-content-h i-cf\"><div class=\"wpb_text_column\"><div class=\"wpb_wrapper\"><p>Confec\u00e7\u00e3o do trabalho de conclus\u00e3o de curso<br \/>\n(Artigo Acad\u00eamico ou Projeto Mission\u00e1rio.)<\/p>\n<p><strong>Julho\/2025<\/strong><\/p>\n<\/div><\/div><\/div><\/div><\/div><\/div><\/div><\/div><\/div><\/div><\/div><\/section><section class=\"l-section wpb_row us_custom_8095fc19 height_custom\" id=\"inscricoes\"><div class=\"l-section-h i-cf\"><div class=\"g-cols vc_row via_grid cols_1 laptops-cols_inherit tablets-cols_inherit mobiles-cols_1 valign_middle type_default reversed\"><div class=\"wpb_column vc_column_container\"><div class=\"vc_column-inner\"><div class=\"g-cols wpb_row via_grid cols_2 laptops-cols_inherit tablets-cols_inherit mobiles-cols_1 valign_middle type_default reversed\" style=\"grid-gap:0rem;\"><div class=\"wpb_column vc_column_container us_custom_b4843623 has_bg_color\" id=\"inscricoes\"><div class=\"vc_column-inner\"><div class=\"w-btn-wrapper width_full\"><a class=\"w-btn us-btn-style_2 us_custom_064d3121 icon_atleft\" target=\"_blank\" href=\"https:\/\/forms.gle\/wWYpM8C15DfLEe3t6\" rel=\"noopener\"><i class=\"fas fa-pen\"><\/i><span class=\"w-btn-label\">CLIQUE E FA\u00c7A SUA INSCRI\u00c7\u00c3O<\/span><\/a><\/div><div class=\"w-separator size_custom\" style=\"height:40px\"><\/div><div class=\"wpb_text_column us_custom_59aee68e\"><div class=\"wpb_wrapper\"><p>Maiores informa\u00e7\u00f5es: WhatsApp (86) 98854-7297 ou pelo e-mail: stneposgraduacao@gmail.com<\/p>\n<\/div><\/div><\/div><\/div><div class=\"wpb_column vc_column_container us_custom_045ce9ad has_bg_color\"><div class=\"vc_column-inner\"><\/div><\/div><\/div><\/div><\/div><\/div><\/div><\/section>\n","protected":false},"excerpt":{"rendered":"P\u00d3S-GRADUA\u00c7\u00c3O MISSIOLOGIA \u201cIde por todo o mundo e pregai o evangelho a toda criatura.\u201d Marcos 16:15 A P\u00f3s-gradua\u00e7\u00e3o em Missiologia se trata de curso livre, sem o reconhecimento do MEC, n\u00e3o podendo ser aproveitado para fins de gradua\u00e7\u00e3o em institui\u00e7\u00f5es reconhecidas pelo MEC. Por que fazer a P\u00f3s?Esse curso visa estimular a todos que desenvolvam...","protected":false},"author":1,"featured_media":667,"parent":0,"menu_order":0,"comment_status":"closed","ping_status":"closed","template":"","meta":{"footnotes":""},"class_list":["post-11","page","type-page","status-publish","has-post-thumbnail","hentry"],"_links":{"self":[{"href":"https:\/\/stne.com.br\/posmissao\/wp-json\/wp\/v2\/pages\/11","targetHints":{"allow":["GET"]}}],"collection":[{"href":"https:\/\/stne.com.br\/posmissao\/wp-json\/wp\/v2\/pages"}],"about":[{"href":"https:\/\/stne.com.br\/posmissao\/wp-json\/wp\/v2\/types\/page"}],"author":[{"embeddable":true,"href":"https:\/\/stne.com.br\/posmissao\/wp-json\/wp\/v2\/users\/1"}],"replies":[{"embeddable":true,"href":"https:\/\/stne.com.br\/posmissao\/wp-json\/wp\/v2\/comments?post=11"}],"version-history":[{"count":85,"href":"https:\/\/stne.com.br\/posmissao\/wp-json\/wp\/v2\/pages\/11\/revisions"}],"predecessor-version":[{"id":693,"href":"https:\/\/stne.com.br\/posmissao\/wp-json\/wp\/v2\/pages\/11\/revisions\/693"}],"wp:featuredmedia":[{"embeddable":true,"href":"https:\/\/stne.com.br\/posmissao\/wp-json\/wp\/v2\/media\/667"}],"wp:attachment":[{"href":"https:\/\/stne.com.br\/posmissao\/wp-json\/wp\/v2\/media?parent=11"}],"curies":[{"name":"wp","href":"https:\/\/api.w.org\/{rel}","templated":true}]}}